{"id":492,"date":"2025-05-26T11:54:24","date_gmt":"2025-05-26T11:54:24","guid":{"rendered":"https:\/\/learnbydoing.dev\/?page_id=492"},"modified":"2025-06-02T09:34:29","modified_gmt":"2025-06-02T09:34:29","slug":"aviso-legal","status":"publish","type":"page","link":"https:\/\/learnbydoing.dev\/es\/aviso-legal\/","title":{"rendered":"Aviso legal"},"content":{"rendered":"<div data-elementor-type=\"wp-page\" data-elementor-id=\"492\" class=\"elementor elementor-492\" data-elementor-post-type=\"page\">\n\t\t\t\t<div class=\"elementor-element elementor-element-3194af0 e-flex e-con-boxed e-con e-parent\" data-id=\"3194af0\" data-element_type=\"container\" data-e-type=\"container\" data-settings=\"{&quot;background_background&quot;:&quot;classic&quot;}\">\n\t\t\t\t\t<div class=\"e-con-inner\">\n\t\t<div class=\"elementor-element elementor-element-73e96dc e-con-full e-flex e-con e-child\" data-id=\"73e96dc\" data-element_type=\"container\" data-e-type=\"container\">\n\t\t\t\t<\/div>\n\t\t<div class=\"elementor-element elementor-element-bc7156c e-con-full e-flex e-con e-child\" data-id=\"bc7156c\" data-element_type=\"container\" data-e-type=\"container\">\n\t\t\t\t<div class=\"elementor-element elementor-element-d674738 elementor-view-default elementor-widget elementor-widget-icon\" data-id=\"d674738\" data-element_type=\"widget\" data-e-type=\"widget\" data-widget_type=\"icon.default\">\n\t\t\t\t<div class=\"elementor-widget-container\">\n\t\t\t\t\t\t\t<div class=\"elementor-icon-wrapper\">\n\t\t\t<div class=\"elementor-icon\">\n\t\t\t<svg xmlns=\"http:\/\/www.w3.org\/2000\/svg\" width=\"75\" height=\"75\" viewbox=\"0 0 75 75\" fill=\"none\"><path d=\"M74.9999 75H13.1889V73.0002H71.5859L0.460938 1.87521L1.87515 0.460999L73.0001 71.586V13.1889H74.9999V75Z\" fill=\"white\"><\/path><\/svg>\t\t\t<\/div>\n\t\t<\/div>\n\t\t\t\t\t\t<\/div>\n\t\t\t\t<\/div>\n\t\t\t\t<\/div>\n\t\t\t\t\t<\/div>\n\t\t\t\t<\/div>\n\t\t<div class=\"elementor-element elementor-element-ef422d6 e-flex e-con-boxed e-con e-parent\" data-id=\"ef422d6\" data-element_type=\"container\" data-e-type=\"container\" data-settings=\"{&quot;background_background&quot;:&quot;classic&quot;}\">\n\t\t\t\t\t<div class=\"e-con-inner\">\n\t\t\t\t<div class=\"elementor-element elementor-element-95596ce elementor-widget elementor-widget-text-editor\" data-id=\"95596ce\" data-element_type=\"widget\" data-e-type=\"widget\" data-widget_type=\"text-editor.default\">\n\t\t\t\t<div class=\"elementor-widget-container\">\n\t\t\t\t\t\t\t\t\t<section>En cumplimiento con el deber de informaci\u00f3n recogido en el art\u00edculo 10 de la Ley 34\/2002, de 11 de julio, de Servicios de la Sociedad de la Informaci\u00f3n y del Comercio Electr\u00f3nico, se informa a los usuarios de este sitio web de los siguientes datos:<\/section><section>\n<br>\n<ul>\n \t<li><strong>Titular del sitio web:<\/strong> Antonio Brandi<\/li>\n \t<li><strong>NIF:<\/strong> Y8641532D<\/li>\n \t<li><strong>Domicilio:<\/strong> Carrer de Valencia, 494, 3, 1, izquierda, 08013, Barcelona, Espa\u00f1a<\/li>\n \t<li><strong>Correo electr\u00f3nico:<\/strong> <a href=\"mailto:antonio.brandi@outlook.it\">antonio.brandi@outlook.it<\/a><\/li>\n<\/ul>\n<br>\n<h3>Condiciones de uso<\/h3>\nEl acceso y\/o uso de este sitio web atribuye la condici\u00f3n de usuario, que acepta, desde dicho acceso y\/o uso, las condiciones generales de uso aqu\u00ed reflejadas. Las citadas condiciones ser\u00e1n de aplicaci\u00f3n independientemente de las condiciones generales de contrataci\u00f3n que en su caso resulten de obligado cumplimiento.\n<h3>Propiedad intelectual e industrial<\/h3>\nEl titular del sitio web posee todos los derechos de propiedad intelectual e industrial sobre el sitio web, as\u00ed como sobre los elementos contenidos en el mismo (incluyendo, a t\u00edtulo enunciativo: im\u00e1genes, sonido, audio, v\u00eddeo, software o textos; marcas o logotipos, combinaciones de colores, estructura y dise\u00f1o, selecci\u00f3n de materiales utilizados, programas de ordenador necesarios para su funcionamiento, acceso y uso, etc.).\n\nQueda expresamente prohibida la reproducci\u00f3n, distribuci\u00f3n y comunicaci\u00f3n p\u00fablica, incluida su modalidad de puesta a disposici\u00f3n, de la totalidad o parte de los contenidos de esta web con fines comerciales, en cualquier soporte y por cualquier medio t\u00e9cnico, sin la autorizaci\u00f3n del titular.\n<h3>Responsabilidad<\/h3>\nEl titular no se hace responsable, en ning\u00fan caso, de los da\u00f1os y perjuicios de cualquier naturaleza que pudieran ocasionar, incluyendo, a t\u00edtulo enunciativo: errores u omisiones en los contenidos, falta de disponibilidad del sitio web o la transmisi\u00f3n de virus o programas maliciosos o lesivos en los contenidos, a pesar de haber adoptado todas las medidas tecnol\u00f3gicas necesarias para evitarlo.\n<h3>Modificaciones<\/h3>\nEl titular se reserva el derecho de efectuar sin previo aviso las modificaciones que considere oportunas en su sitio web, pudiendo cambiar, suprimir o a\u00f1adir tanto los contenidos y servicios que se presten a trav\u00e9s del mismo como la forma en la que estos aparezcan presentados o localizados en su sitio web.\n<h3>Legislaci\u00f3n aplicable y jurisdicci\u00f3n<\/h3>\nLa relaci\u00f3n entre el titular y el usuario se regir\u00e1 por la normativa espa\u00f1ola vigente y cualquier controversia se someter\u00e1 a los Juzgados y Tribunales de la ciudad de Barcelona, salvo que la normativa aplicable disponga otra cosa.\n\n<\/section>\t\t\t\t\t\t\t\t<\/div>\n\t\t\t\t<\/div>\n\t\t\t\t\t<\/div>\n\t\t\t\t<\/div>\n\t\t\t\t<\/div>","protected":false},"excerpt":{"rendered":"<p>En cumplimiento con el deber de informaci\u00f3n recogido en el art\u00edculo 10 de la Ley 34\/2002, de 11 de julio, de Servicios de la Sociedad de la Informaci\u00f3n y del Comercio Electr\u00f3nico, se informa a los usuarios de este sitio web de los siguientes datos: Titular del sitio web: Antonio Brandi NIF: Y8641532D Domicilio: Carrer [&hellip;]<\/p>\n","protected":false},"author":2,"featured_media":0,"parent":0,"menu_order":0,"comment_status":"closed","ping_status":"closed","template":"elementor_header_footer","meta":{"_acf_changed":false,"footnotes":""},"class_list":["post-492","page","type-page","status-publish","hentry"],"acf":[],"yoast_head":"<!-- This site is optimized with the Yoast SEO plugin v27.2 - https:\/\/yoast.com\/product\/yoast-seo-wordpress\/ -->\n<title>Aviso legal - Learn by Doing!<\/title>\n<meta name=\"robots\" content=\"index, follow, max-snippet:-1, max-image-preview:large, max-video-preview:-1\" \/>\n<link rel=\"canonical\" href=\"https:\/\/learnbydoing.dev\/es\/aviso-legal\/\" \/>\n<meta property=\"og:locale\" content=\"es_ES\" \/>\n<meta property=\"og:type\" content=\"article\" \/>\n<meta property=\"og:title\" content=\"Aviso legal - Learn by Doing!\" \/>\n<meta property=\"og:description\" content=\"En cumplimiento con el deber de informaci\u00f3n recogido en el art\u00edculo 10 de la Ley 34\/2002, de 11 de julio, de Servicios de la Sociedad de la Informaci\u00f3n y del Comercio Electr\u00f3nico, se informa a los usuarios de este sitio web de los siguientes datos: Titular del sitio web: Antonio Brandi NIF: Y8641532D Domicilio: Carrer [&hellip;]\" \/>\n<meta property=\"og:url\" content=\"https:\/\/learnbydoing.dev\/es\/aviso-legal\/\" \/>\n<meta property=\"og:site_name\" content=\"Learn by Doing!\" \/>\n<meta property=\"article:modified_time\" content=\"2025-06-02T09:34:29+00:00\" \/>\n<meta name=\"twitter:card\" content=\"summary_large_image\" \/>\n<meta name=\"twitter:label1\" content=\"Tiempo de lectura\" \/>\n\t<meta name=\"twitter:data1\" content=\"2 minutos\" \/>\n<script type=\"application\/ld+json\" class=\"yoast-schema-graph\">{\"@context\":\"https:\/\/schema.org\",\"@graph\":[{\"@type\":\"WebPage\",\"@id\":\"https:\/\/learnbydoing.dev\/es\/aviso-legal\/\",\"url\":\"https:\/\/learnbydoing.dev\/es\/aviso-legal\/\",\"name\":\"Aviso legal - Learn by Doing!\",\"isPartOf\":{\"@id\":\"https:\/\/learnbydoing.dev\/es\/#website\"},\"datePublished\":\"2025-05-26T11:54:24+00:00\",\"dateModified\":\"2025-06-02T09:34:29+00:00\",\"breadcrumb\":{\"@id\":\"https:\/\/learnbydoing.dev\/es\/aviso-legal\/#breadcrumb\"},\"inLanguage\":\"es\",\"potentialAction\":[{\"@type\":\"ReadAction\",\"target\":[\"https:\/\/learnbydoing.dev\/es\/aviso-legal\/\"]}]},{\"@type\":\"BreadcrumbList\",\"@id\":\"https:\/\/learnbydoing.dev\/es\/aviso-legal\/#breadcrumb\",\"itemListElement\":[{\"@type\":\"ListItem\",\"position\":1,\"name\":\"Home\",\"item\":\"https:\/\/learnbydoing.dev\/es\/learn-by-doing-es\/\"},{\"@type\":\"ListItem\",\"position\":2,\"name\":\"Aviso legal\"}]},{\"@type\":\"WebSite\",\"@id\":\"https:\/\/learnbydoing.dev\/es\/#website\",\"url\":\"https:\/\/learnbydoing.dev\/es\/\",\"name\":\"Learn by Doing!\",\"description\":\"Learn Robotics the fun way\",\"publisher\":{\"@id\":\"https:\/\/learnbydoing.dev\/es\/#organization\"},\"potentialAction\":[{\"@type\":\"SearchAction\",\"target\":{\"@type\":\"EntryPoint\",\"urlTemplate\":\"https:\/\/learnbydoing.dev\/es\/?s={search_term_string}\"},\"query-input\":{\"@type\":\"PropertyValueSpecification\",\"valueRequired\":true,\"valueName\":\"search_term_string\"}}],\"inLanguage\":\"es\"},{\"@type\":\"Organization\",\"@id\":\"https:\/\/learnbydoing.dev\/es\/#organization\",\"name\":\"Learn by Doing!\",\"url\":\"https:\/\/learnbydoing.dev\/es\/\",\"logo\":{\"@type\":\"ImageObject\",\"inLanguage\":\"es\",\"@id\":\"https:\/\/learnbydoing.dev\/es\/#\/schema\/logo\/image\/\",\"url\":\"https:\/\/learnbydoing.dev\/wp-content\/uploads\/2025\/06\/cropped-cropped-cropped-Progetto-senza-titolo-6-1.png\",\"contentUrl\":\"https:\/\/learnbydoing.dev\/wp-content\/uploads\/2025\/06\/cropped-cropped-cropped-Progetto-senza-titolo-6-1.png\",\"width\":512,\"height\":512,\"caption\":\"Learn by Doing!\"},\"image\":{\"@id\":\"https:\/\/learnbydoing.dev\/es\/#\/schema\/logo\/image\/\"},\"sameAs\":[\"https:\/\/www.linkedin.com\/in\/antonio-brandi-512166bb\/\"]}]}<\/script>\n<!-- \/ Yoast SEO plugin. -->","yoast_head_json":{"title":"Aviso legal - Learn by Doing!","robots":{"index":"index","follow":"follow","max-snippet":"max-snippet:-1","max-image-preview":"max-image-preview:large","max-video-preview":"max-video-preview:-1"},"canonical":"https:\/\/learnbydoing.dev\/es\/aviso-legal\/","og_locale":"es_ES","og_type":"article","og_title":"Aviso legal - Learn by Doing!","og_description":"En cumplimiento con el deber de informaci\u00f3n recogido en el art\u00edculo 10 de la Ley 34\/2002, de 11 de julio, de Servicios de la Sociedad de la Informaci\u00f3n y del Comercio Electr\u00f3nico, se informa a los usuarios de este sitio web de los siguientes datos: Titular del sitio web: Antonio Brandi NIF: Y8641532D Domicilio: Carrer [&hellip;]","og_url":"https:\/\/learnbydoing.dev\/es\/aviso-legal\/","og_site_name":"Learn by Doing!","article_modified_time":"2025-06-02T09:34:29+00:00","twitter_card":"summary_large_image","twitter_misc":{"Tiempo de lectura":"2 minutos"},"schema":{"@context":"https:\/\/schema.org","@graph":[{"@type":"WebPage","@id":"https:\/\/learnbydoing.dev\/es\/aviso-legal\/","url":"https:\/\/learnbydoing.dev\/es\/aviso-legal\/","name":"Aviso legal - Learn by Doing!","isPartOf":{"@id":"https:\/\/learnbydoing.dev\/es\/#website"},"datePublished":"2025-05-26T11:54:24+00:00","dateModified":"2025-06-02T09:34:29+00:00","breadcrumb":{"@id":"https:\/\/learnbydoing.dev\/es\/aviso-legal\/#breadcrumb"},"inLanguage":"es","potentialAction":[{"@type":"ReadAction","target":["https:\/\/learnbydoing.dev\/es\/aviso-legal\/"]}]},{"@type":"BreadcrumbList","@id":"https:\/\/learnbydoing.dev\/es\/aviso-legal\/#breadcrumb","itemListElement":[{"@type":"ListItem","position":1,"name":"Home","item":"https:\/\/learnbydoing.dev\/es\/learn-by-doing-es\/"},{"@type":"ListItem","position":2,"name":"Aviso legal"}]},{"@type":"WebSite","@id":"https:\/\/learnbydoing.dev\/es\/#website","url":"https:\/\/learnbydoing.dev\/es\/","name":"Learn by Doing!","description":"Learn Robotics the fun way","publisher":{"@id":"https:\/\/learnbydoing.dev\/es\/#organization"},"potentialAction":[{"@type":"SearchAction","target":{"@type":"EntryPoint","urlTemplate":"https:\/\/learnbydoing.dev\/es\/?s={search_term_string}"},"query-input":{"@type":"PropertyValueSpecification","valueRequired":true,"valueName":"search_term_string"}}],"inLanguage":"es"},{"@type":"Organization","@id":"https:\/\/learnbydoing.dev\/es\/#organization","name":"Learn by Doing!","url":"https:\/\/learnbydoing.dev\/es\/","logo":{"@type":"ImageObject","inLanguage":"es","@id":"https:\/\/learnbydoing.dev\/es\/#\/schema\/logo\/image\/","url":"https:\/\/learnbydoing.dev\/wp-content\/uploads\/2025\/06\/cropped-cropped-cropped-Progetto-senza-titolo-6-1.png","contentUrl":"https:\/\/learnbydoing.dev\/wp-content\/uploads\/2025\/06\/cropped-cropped-cropped-Progetto-senza-titolo-6-1.png","width":512,"height":512,"caption":"Learn by Doing!"},"image":{"@id":"https:\/\/learnbydoing.dev\/es\/#\/schema\/logo\/image\/"},"sameAs":["https:\/\/www.linkedin.com\/in\/antonio-brandi-512166bb\/"]}]}},"_links":{"self":[{"href":"https:\/\/learnbydoing.dev\/es\/wp-json\/wp\/v2\/pages\/492","targetHints":{"allow":["GET"]}}],"collection":[{"href":"https:\/\/learnbydoing.dev\/es\/wp-json\/wp\/v2\/pages"}],"about":[{"href":"https:\/\/learnbydoing.dev\/es\/wp-json\/wp\/v2\/types\/page"}],"author":[{"embeddable":true,"href":"https:\/\/learnbydoing.dev\/es\/wp-json\/wp\/v2\/users\/2"}],"replies":[{"embeddable":true,"href":"https:\/\/learnbydoing.dev\/es\/wp-json\/wp\/v2\/comments?post=492"}],"version-history":[{"count":16,"href":"https:\/\/learnbydoing.dev\/es\/wp-json\/wp\/v2\/pages\/492\/revisions"}],"predecessor-version":[{"id":942,"href":"https:\/\/learnbydoing.dev\/es\/wp-json\/wp\/v2\/pages\/492\/revisions\/942"}],"wp:attachment":[{"href":"https:\/\/learnbydoing.dev\/es\/wp-json\/wp\/v2\/media?parent=492"}],"curies":[{"name":"wp","href":"https:\/\/api.w.org\/{rel}","templated":true}]}}