{"id":497,"date":"2025-05-26T11:56:11","date_gmt":"2025-05-26T11:56:11","guid":{"rendered":"https:\/\/learnbydoing.dev\/?page_id=497"},"modified":"2025-06-02T09:37:33","modified_gmt":"2025-06-02T09:37:33","slug":"politica-de-cookies","status":"publish","type":"page","link":"https:\/\/learnbydoing.dev\/es\/politica-de-cookies\/","title":{"rendered":"Pol\u00edtica de cookies"},"content":{"rendered":"<div data-elementor-type=\"wp-page\" data-elementor-id=\"497\" class=\"elementor elementor-497\" data-elementor-post-type=\"page\">\n\t\t\t\t<div class=\"elementor-element elementor-element-fb1c126 e-flex e-con-boxed e-con e-parent\" data-id=\"fb1c126\" data-element_type=\"container\" data-e-type=\"container\" data-settings=\"{&quot;background_background&quot;:&quot;classic&quot;}\">\n\t\t\t\t\t<div class=\"e-con-inner\">\n\t\t<div class=\"elementor-element elementor-element-601d42d e-con-full e-flex e-con e-child\" data-id=\"601d42d\" data-element_type=\"container\" data-e-type=\"container\">\n\t\t\t\t<\/div>\n\t\t<div class=\"elementor-element elementor-element-b69864a e-con-full e-flex e-con e-child\" data-id=\"b69864a\" data-element_type=\"container\" data-e-type=\"container\">\n\t\t\t\t<div class=\"elementor-element elementor-element-4d44b8f elementor-view-default elementor-widget elementor-widget-icon\" data-id=\"4d44b8f\" data-element_type=\"widget\" data-e-type=\"widget\" data-widget_type=\"icon.default\">\n\t\t\t\t<div class=\"elementor-widget-container\">\n\t\t\t\t\t\t\t<div class=\"elementor-icon-wrapper\">\n\t\t\t<div class=\"elementor-icon\">\n\t\t\t<svg xmlns=\"http:\/\/www.w3.org\/2000\/svg\" width=\"75\" height=\"75\" viewbox=\"0 0 75 75\" fill=\"none\"><path d=\"M74.9999 75H13.1889V73.0002H71.5859L0.460938 1.87521L1.87515 0.460999L73.0001 71.586V13.1889H74.9999V75Z\" fill=\"white\"><\/path><\/svg>\t\t\t<\/div>\n\t\t<\/div>\n\t\t\t\t\t\t<\/div>\n\t\t\t\t<\/div>\n\t\t\t\t<\/div>\n\t\t\t\t\t<\/div>\n\t\t\t\t<\/div>\n\t\t<div class=\"elementor-element elementor-element-d99c8ce e-flex e-con-boxed e-con e-parent\" data-id=\"d99c8ce\" data-element_type=\"container\" data-e-type=\"container\" data-settings=\"{&quot;background_background&quot;:&quot;classic&quot;}\">\n\t\t\t\t\t<div class=\"e-con-inner\">\n\t\t\t\t<div class=\"elementor-element elementor-element-09640c6 elementor-widget elementor-widget-text-editor\" data-id=\"09640c6\" data-element_type=\"widget\" data-e-type=\"widget\" data-widget_type=\"text-editor.default\">\n\t\t\t\t<div class=\"elementor-widget-container\">\n\t\t\t\t\t\t\t\t\t<section><h3>1. \u00bfQu\u00e9 son las cookies?<\/h3><p>Las cookies son archivos que se descargan en tu dispositivo (ordenador, smartphone, tablet, etc.) al acceder a determinadas p\u00e1ginas web. Permiten a una p\u00e1gina web, entre otras cosas, almacenar y recuperar informaci\u00f3n sobre los h\u00e1bitos de navegaci\u00f3n de un usuario o de su equipo.<\/p><h3>2. Tipos de cookies utilizadas por este sitio web<\/h3><p>Este sitio web puede utilizar los siguientes tipos de cookies:<\/p><h4>a) Seg\u00fan la entidad que las gestione:<\/h4><ul><li><strong>Cookies propias:<\/strong> Enviadas al dispositivo del usuario desde un equipo o dominio gestionado por el titular del sitio web.<\/li><li><strong>Cookies de terceros:<\/strong> Enviadas al dispositivo del usuario desde un equipo o dominio no gestionado por el titular del sitio web, sino por otra entidad que trata los datos obtenidos a trav\u00e9s de las cookies.<\/li><\/ul><h4>b) Seg\u00fan el tiempo que permanecen activas:<\/h4><ul><li><strong>Cookies de sesi\u00f3n:<\/strong> Recogen y almacenan datos mientras el usuario accede a una p\u00e1gina web. Suelen utilizarse para almacenar informaci\u00f3n que solo interesa conservar durante la sesi\u00f3n.<\/li><li><strong>Cookies persistentes:<\/strong> Los datos permanecen almacenados en el dispositivo y pueden ser accedidos y tratados durante un periodo definido por el responsable de la cookie.<\/li><\/ul><h4>c) Seg\u00fan su finalidad:<\/h4><ul><li><strong>Cookies t\u00e9cnicas:<\/strong> Permiten al usuario la navegaci\u00f3n a trav\u00e9s del sitio web y la utilizaci\u00f3n de las diferentes opciones o servicios que en \u00e9l existen.<\/li><li><strong>Cookies de personalizaci\u00f3n:<\/strong> Permiten al usuario acceder al servicio con caracter\u00edsticas predefinidas generales (como la configuraci\u00f3n de idioma).<\/li><li><strong>Cookies de an\u00e1lisis:<\/strong> Permiten el seguimiento y an\u00e1lisis del comportamiento de los usuarios en los sitios web.<\/li><li><strong>Cookies publicitarias:<\/strong> Permiten la gesti\u00f3n de los espacios publicitarios que el editor haya incluido en una p\u00e1gina web.<\/li><li><strong>Cookies de publicidad comportamental:<\/strong> Almacenan informaci\u00f3n del comportamiento de los usuarios obtenida a trav\u00e9s de la observaci\u00f3n continuada de sus h\u00e1bitos de navegaci\u00f3n, lo que permite desarrollar un perfil espec\u00edfico para mostrar publicidad en funci\u00f3n del mismo.<\/li><\/ul><h3>3. Cookies utilizadas en este sitio web<\/h3><p>Este sitio puede utilizar herramientas de an\u00e1lisis como Google Analytics, que utiliza cookies para ayudar al titular del sitio web a analizar el uso que hacen los usuarios del mismo. La informaci\u00f3n generada por la cookie (incluida tu direcci\u00f3n IP) ser\u00e1 transmitida y almacenada por Google.<\/p><p>Para m\u00e1s informaci\u00f3n sobre las cookies de Google Analytics, visita:<br \/><a href=\"https:\/\/developers.google.com\/analytics\/devguides\/collection\/analyticsjs\/cookie-usage\" target=\"_blank\" rel=\"noopener\"><br \/>https:\/\/developers.google.com\/analytics\/devguides\/collection\/analyticsjs\/cookie-usage<br \/><\/a><\/p><h3>4. Gesti\u00f3n de cookies<\/h3><p>Puedes permitir, bloquear o eliminar las cookies instaladas en tu dispositivo mediante la configuraci\u00f3n de las opciones de tu navegador. A continuaci\u00f3n se indican enlaces a las instrucciones para los principales navegadores:<\/p><ul><li>Google Chrome<\/li><li>Mozilla Firefox<\/li><li>Safari<\/li><li>Microsoft Edge<\/li><\/ul><h3>5. Consentimiento<\/h3><p>Al navegar y continuar en este sitio web, el usuario consiente el uso de cookies en las condiciones contenidas en la presente Pol\u00edtica de Cookies.<\/p><p>Este sitio web puede mostrar un aviso de cookies con opciones de configuraci\u00f3n o aceptaci\u00f3n, conforme al RGPD y a la LSSI.<\/p><\/section>\t\t\t\t\t\t\t\t<\/div>\n\t\t\t\t<\/div>\n\t\t\t\t\t<\/div>\n\t\t\t\t<\/div>\n\t\t\t\t<\/div>","protected":false},"excerpt":{"rendered":"<p>1. \u00bfQu\u00e9 son las cookies? Las cookies son archivos que se descargan en tu dispositivo (ordenador, smartphone, tablet, etc.) al acceder a determinadas p\u00e1ginas web. Permiten a una p\u00e1gina web, entre otras cosas, almacenar y recuperar informaci\u00f3n sobre los h\u00e1bitos de navegaci\u00f3n de un usuario o de su equipo. 2. Tipos de cookies utilizadas por [&hellip;]<\/p>\n","protected":false},"author":2,"featured_media":0,"parent":0,"menu_order":0,"comment_status":"closed","ping_status":"closed","template":"elementor_header_footer","meta":{"_acf_changed":false,"footnotes":""},"class_list":["post-497","page","type-page","status-publish","hentry"],"acf":[],"yoast_head":"<!-- This site is optimized with the Yoast SEO plugin v27.2 - https:\/\/yoast.com\/product\/yoast-seo-wordpress\/ -->\n<title>Pol\u00edtica de cookies - Learn by Doing!<\/title>\n<meta name=\"robots\" content=\"index, follow, max-snippet:-1, max-image-preview:large, max-video-preview:-1\" \/>\n<link rel=\"canonical\" href=\"https:\/\/learnbydoing.dev\/es\/politica-de-cookies\/\" \/>\n<meta property=\"og:locale\" content=\"es_ES\" \/>\n<meta property=\"og:type\" content=\"article\" \/>\n<meta property=\"og:title\" content=\"Pol\u00edtica de cookies - Learn by Doing!\" \/>\n<meta property=\"og:description\" content=\"1. \u00bfQu\u00e9 son las cookies? Las cookies son archivos que se descargan en tu dispositivo (ordenador, smartphone, tablet, etc.) al acceder a determinadas p\u00e1ginas web. Permiten a una p\u00e1gina web, entre otras cosas, almacenar y recuperar informaci\u00f3n sobre los h\u00e1bitos de navegaci\u00f3n de un usuario o de su equipo. 2. Tipos de cookies utilizadas por [&hellip;]\" \/>\n<meta property=\"og:url\" content=\"https:\/\/learnbydoing.dev\/es\/politica-de-cookies\/\" \/>\n<meta property=\"og:site_name\" content=\"Learn by Doing!\" \/>\n<meta property=\"article:modified_time\" content=\"2025-06-02T09:37:33+00:00\" \/>\n<meta name=\"twitter:card\" content=\"summary_large_image\" \/>\n<meta name=\"twitter:label1\" content=\"Tiempo de lectura\" \/>\n\t<meta name=\"twitter:data1\" content=\"3 minutos\" \/>\n<script type=\"application\/ld+json\" class=\"yoast-schema-graph\">{\"@context\":\"https:\/\/schema.org\",\"@graph\":[{\"@type\":\"WebPage\",\"@id\":\"https:\/\/learnbydoing.dev\/es\/politica-de-cookies\/\",\"url\":\"https:\/\/learnbydoing.dev\/es\/politica-de-cookies\/\",\"name\":\"Pol\u00edtica de cookies - Learn by Doing!\",\"isPartOf\":{\"@id\":\"https:\/\/learnbydoing.dev\/es\/#website\"},\"datePublished\":\"2025-05-26T11:56:11+00:00\",\"dateModified\":\"2025-06-02T09:37:33+00:00\",\"breadcrumb\":{\"@id\":\"https:\/\/learnbydoing.dev\/es\/politica-de-cookies\/#breadcrumb\"},\"inLanguage\":\"es\",\"potentialAction\":[{\"@type\":\"ReadAction\",\"target\":[\"https:\/\/learnbydoing.dev\/es\/politica-de-cookies\/\"]}]},{\"@type\":\"BreadcrumbList\",\"@id\":\"https:\/\/learnbydoing.dev\/es\/politica-de-cookies\/#breadcrumb\",\"itemListElement\":[{\"@type\":\"ListItem\",\"position\":1,\"name\":\"Home\",\"item\":\"https:\/\/learnbydoing.dev\/es\/learn-by-doing-es\/\"},{\"@type\":\"ListItem\",\"position\":2,\"name\":\"Pol\u00edtica de cookies\"}]},{\"@type\":\"WebSite\",\"@id\":\"https:\/\/learnbydoing.dev\/es\/#website\",\"url\":\"https:\/\/learnbydoing.dev\/es\/\",\"name\":\"Learn by Doing!\",\"description\":\"Learn Robotics the fun way\",\"publisher\":{\"@id\":\"https:\/\/learnbydoing.dev\/es\/#organization\"},\"potentialAction\":[{\"@type\":\"SearchAction\",\"target\":{\"@type\":\"EntryPoint\",\"urlTemplate\":\"https:\/\/learnbydoing.dev\/es\/?s={search_term_string}\"},\"query-input\":{\"@type\":\"PropertyValueSpecification\",\"valueRequired\":true,\"valueName\":\"search_term_string\"}}],\"inLanguage\":\"es\"},{\"@type\":\"Organization\",\"@id\":\"https:\/\/learnbydoing.dev\/es\/#organization\",\"name\":\"Learn by Doing!\",\"url\":\"https:\/\/learnbydoing.dev\/es\/\",\"logo\":{\"@type\":\"ImageObject\",\"inLanguage\":\"es\",\"@id\":\"https:\/\/learnbydoing.dev\/es\/#\/schema\/logo\/image\/\",\"url\":\"https:\/\/learnbydoing.dev\/wp-content\/uploads\/2025\/06\/cropped-cropped-cropped-Progetto-senza-titolo-6-1.png\",\"contentUrl\":\"https:\/\/learnbydoing.dev\/wp-content\/uploads\/2025\/06\/cropped-cropped-cropped-Progetto-senza-titolo-6-1.png\",\"width\":512,\"height\":512,\"caption\":\"Learn by Doing!\"},\"image\":{\"@id\":\"https:\/\/learnbydoing.dev\/es\/#\/schema\/logo\/image\/\"},\"sameAs\":[\"https:\/\/www.linkedin.com\/in\/antonio-brandi-512166bb\/\"]}]}<\/script>\n<!-- \/ Yoast SEO plugin. -->","yoast_head_json":{"title":"Pol\u00edtica de cookies - Learn by Doing!","robots":{"index":"index","follow":"follow","max-snippet":"max-snippet:-1","max-image-preview":"max-image-preview:large","max-video-preview":"max-video-preview:-1"},"canonical":"https:\/\/learnbydoing.dev\/es\/politica-de-cookies\/","og_locale":"es_ES","og_type":"article","og_title":"Pol\u00edtica de cookies - Learn by Doing!","og_description":"1. \u00bfQu\u00e9 son las cookies? Las cookies son archivos que se descargan en tu dispositivo (ordenador, smartphone, tablet, etc.) al acceder a determinadas p\u00e1ginas web. Permiten a una p\u00e1gina web, entre otras cosas, almacenar y recuperar informaci\u00f3n sobre los h\u00e1bitos de navegaci\u00f3n de un usuario o de su equipo. 2. Tipos de cookies utilizadas por [&hellip;]","og_url":"https:\/\/learnbydoing.dev\/es\/politica-de-cookies\/","og_site_name":"Learn by Doing!","article_modified_time":"2025-06-02T09:37:33+00:00","twitter_card":"summary_large_image","twitter_misc":{"Tiempo de lectura":"3 minutos"},"schema":{"@context":"https:\/\/schema.org","@graph":[{"@type":"WebPage","@id":"https:\/\/learnbydoing.dev\/es\/politica-de-cookies\/","url":"https:\/\/learnbydoing.dev\/es\/politica-de-cookies\/","name":"Pol\u00edtica de cookies - Learn by Doing!","isPartOf":{"@id":"https:\/\/learnbydoing.dev\/es\/#website"},"datePublished":"2025-05-26T11:56:11+00:00","dateModified":"2025-06-02T09:37:33+00:00","breadcrumb":{"@id":"https:\/\/learnbydoing.dev\/es\/politica-de-cookies\/#breadcrumb"},"inLanguage":"es","potentialAction":[{"@type":"ReadAction","target":["https:\/\/learnbydoing.dev\/es\/politica-de-cookies\/"]}]},{"@type":"BreadcrumbList","@id":"https:\/\/learnbydoing.dev\/es\/politica-de-cookies\/#breadcrumb","itemListElement":[{"@type":"ListItem","position":1,"name":"Home","item":"https:\/\/learnbydoing.dev\/es\/learn-by-doing-es\/"},{"@type":"ListItem","position":2,"name":"Pol\u00edtica de cookies"}]},{"@type":"WebSite","@id":"https:\/\/learnbydoing.dev\/es\/#website","url":"https:\/\/learnbydoing.dev\/es\/","name":"Learn by Doing!","description":"Learn Robotics the fun way","publisher":{"@id":"https:\/\/learnbydoing.dev\/es\/#organization"},"potentialAction":[{"@type":"SearchAction","target":{"@type":"EntryPoint","urlTemplate":"https:\/\/learnbydoing.dev\/es\/?s={search_term_string}"},"query-input":{"@type":"PropertyValueSpecification","valueRequired":true,"valueName":"search_term_string"}}],"inLanguage":"es"},{"@type":"Organization","@id":"https:\/\/learnbydoing.dev\/es\/#organization","name":"Learn by Doing!","url":"https:\/\/learnbydoing.dev\/es\/","logo":{"@type":"ImageObject","inLanguage":"es","@id":"https:\/\/learnbydoing.dev\/es\/#\/schema\/logo\/image\/","url":"https:\/\/learnbydoing.dev\/wp-content\/uploads\/2025\/06\/cropped-cropped-cropped-Progetto-senza-titolo-6-1.png","contentUrl":"https:\/\/learnbydoing.dev\/wp-content\/uploads\/2025\/06\/cropped-cropped-cropped-Progetto-senza-titolo-6-1.png","width":512,"height":512,"caption":"Learn by Doing!"},"image":{"@id":"https:\/\/learnbydoing.dev\/es\/#\/schema\/logo\/image\/"},"sameAs":["https:\/\/www.linkedin.com\/in\/antonio-brandi-512166bb\/"]}]}},"_links":{"self":[{"href":"https:\/\/learnbydoing.dev\/es\/wp-json\/wp\/v2\/pages\/497","targetHints":{"allow":["GET"]}}],"collection":[{"href":"https:\/\/learnbydoing.dev\/es\/wp-json\/wp\/v2\/pages"}],"about":[{"href":"https:\/\/learnbydoing.dev\/es\/wp-json\/wp\/v2\/types\/page"}],"author":[{"embeddable":true,"href":"https:\/\/learnbydoing.dev\/es\/wp-json\/wp\/v2\/users\/2"}],"replies":[{"embeddable":true,"href":"https:\/\/learnbydoing.dev\/es\/wp-json\/wp\/v2\/comments?post=497"}],"version-history":[{"count":25,"href":"https:\/\/learnbydoing.dev\/es\/wp-json\/wp\/v2\/pages\/497\/revisions"}],"predecessor-version":[{"id":957,"href":"https:\/\/learnbydoing.dev\/es\/wp-json\/wp\/v2\/pages\/497\/revisions\/957"}],"wp:attachment":[{"href":"https:\/\/learnbydoing.dev\/es\/wp-json\/wp\/v2\/media?parent=497"}],"curies":[{"name":"wp","href":"https:\/\/api.w.org\/{rel}","templated":true}]}}