{"id":502,"date":"2025-05-26T11:57:32","date_gmt":"2025-05-26T11:57:32","guid":{"rendered":"https:\/\/learnbydoing.dev\/?page_id=502"},"modified":"2025-06-02T09:36:22","modified_gmt":"2025-06-02T09:36:22","slug":"politica-de-privacidad","status":"publish","type":"page","link":"https:\/\/learnbydoing.dev\/es\/politica-de-privacidad\/","title":{"rendered":"Pol\u00edtica de privacidad"},"content":{"rendered":"<div data-elementor-type=\"wp-page\" data-elementor-id=\"502\" class=\"elementor elementor-502\" data-elementor-post-type=\"page\">\n\t\t\t\t<div class=\"elementor-element elementor-element-3b56522 e-flex e-con-boxed e-con e-parent\" data-id=\"3b56522\" data-element_type=\"container\" data-e-type=\"container\" data-settings=\"{&quot;background_background&quot;:&quot;classic&quot;}\">\n\t\t\t\t\t<div class=\"e-con-inner\">\n\t\t<div class=\"elementor-element elementor-element-00f4381 e-con-full e-flex e-con e-child\" data-id=\"00f4381\" data-element_type=\"container\" data-e-type=\"container\">\n\t\t\t\t<\/div>\n\t\t<div class=\"elementor-element elementor-element-78c3c45 e-con-full e-flex e-con e-child\" data-id=\"78c3c45\" data-element_type=\"container\" data-e-type=\"container\">\n\t\t\t\t<div class=\"elementor-element elementor-element-fb0443a elementor-view-default elementor-widget elementor-widget-icon\" data-id=\"fb0443a\" data-element_type=\"widget\" data-e-type=\"widget\" data-widget_type=\"icon.default\">\n\t\t\t\t<div class=\"elementor-widget-container\">\n\t\t\t\t\t\t\t<div class=\"elementor-icon-wrapper\">\n\t\t\t<div class=\"elementor-icon\">\n\t\t\t<svg xmlns=\"http:\/\/www.w3.org\/2000\/svg\" width=\"75\" height=\"75\" viewbox=\"0 0 75 75\" fill=\"none\"><path d=\"M74.9999 75H13.1889V73.0002H71.5859L0.460938 1.87521L1.87515 0.460999L73.0001 71.586V13.1889H74.9999V75Z\" fill=\"white\"><\/path><\/svg>\t\t\t<\/div>\n\t\t<\/div>\n\t\t\t\t\t\t<\/div>\n\t\t\t\t<\/div>\n\t\t\t\t<\/div>\n\t\t\t\t\t<\/div>\n\t\t\t\t<\/div>\n\t\t<div class=\"elementor-element elementor-element-4b44de6 e-flex e-con-boxed e-con e-parent\" data-id=\"4b44de6\" data-element_type=\"container\" data-e-type=\"container\" data-settings=\"{&quot;background_background&quot;:&quot;classic&quot;}\">\n\t\t\t\t\t<div class=\"e-con-inner\">\n\t\t\t\t<div class=\"elementor-element elementor-element-1a3c89b elementor-widget elementor-widget-text-editor\" data-id=\"1a3c89b\" data-element_type=\"widget\" data-e-type=\"widget\" data-widget_type=\"text-editor.default\">\n\t\t\t\t<div class=\"elementor-widget-container\">\n\t\t\t\t\t\t\t\t\t<section>\n<h3>1. Informaci\u00f3n del Responsable del Tratamiento<\/h3>\n<br>\n<ul>\n \t<li><strong>Responsable:<\/strong> Antonio Brandi<\/li>\n \t<li><strong>NIF:<\/strong> Y8641532D<\/li>\n \t<li><strong>Domicilio:<\/strong> Carrer de Valencia, 494, 3, 1, izquierda, 08013, Barcelona, Espa\u00f1a<\/li>\n \t<li><strong>Correo electr\u00f3nico:<\/strong> <a href=\"mailto:antonio.brandi@outlook.it\">antonio.brandi@outlook.it<\/a><\/li>\n<\/ul>\n<br>\nAntonio Brandi, como titular de este sitio web, garantiza la protecci\u00f3n y confidencialidad de cualquier tipo de datos personales que nos proporcionen los usuarios, de conformidad con el Reglamento (UE) 2016\/679 del Parlamento Europeo y del Consejo, de 27 de abril de 2016 (RGPD), y la Ley Org\u00e1nica 3\/2018 de Protecci\u00f3n de Datos Personales y garant\u00eda de los derechos digitales (LOPDGDD).\n<h3>2. Finalidad del Tratamiento de los Datos<\/h3>\nLos datos recogidos a trav\u00e9s del sitio web se utilizar\u00e1n para las siguientes finalidades:\n<ul>\n \t<li>Gestionar la relaci\u00f3n con los usuarios y la prestaci\u00f3n de los servicios ofrecidos.<\/li>\n \t<li>Responder a consultas y solicitudes recibidas a trav\u00e9s del formulario de contacto.<\/li>\n \t<li>Enviar comunicaciones comerciales (si el usuario ha otorgado su consentimiento expreso).<\/li>\n \t<li>Cumplir con las obligaciones legales.<\/li>\n<\/ul>\n<h3>3. Base Legal del Tratamiento<\/h3>\nEl tratamiento de sus datos personales se basa en el consentimiento expreso que usted otorga al marcar las casillas correspondientes en los formularios de recogida de datos o al enviar comunicaciones por correo electr\u00f3nico.\n\nEn algunos casos, el tratamiento puede basarse en la ejecuci\u00f3n de un contrato o en el cumplimiento de una obligaci\u00f3n legal aplicable al responsable del tratamiento.\n<h3>4. Conservaci\u00f3n de los Datos<\/h3>\nLos datos personales proporcionados se conservar\u00e1n:\n<ul>\n \t<li>Mientras se mantenga la relaci\u00f3n con el usuario.<\/li>\n \t<li>Durante el tiempo necesario para cumplir con las obligaciones legales.<\/li>\n \t<li>Hasta que el usuario solicite la supresi\u00f3n de sus datos.<\/li>\n<\/ul>\n<h3>5. Destinatarios de los Datos<\/h3>\nLos datos no se ceder\u00e1n a terceros, salvo cuando exista una obligaci\u00f3n legal o sea necesario para la prestaci\u00f3n del servicio, en cuyo caso se informar\u00e1 al usuario y se recabar\u00e1 su consentimiento previo.\n<h3>6. Derechos de los Usuarios<\/h3>\nToda persona tiene derecho a obtener confirmaci\u00f3n sobre si estamos tratando datos personales que le conciernen.\n\nLos interesados tienen derecho a:\n<ul>\n \t<li>Acceder a sus datos personales.<\/li>\n \t<li>Solicitar la rectificaci\u00f3n o supresi\u00f3n de sus datos.<\/li>\n \t<li>Solicitar la limitaci\u00f3n del tratamiento.<\/li>\n \t<li>Oponerse al tratamiento.<\/li>\n \t<li>Solicitar la portabilidad de los datos.<\/li>\n<\/ul>\nPuede ejercer sus derechos contactando al siguiente correo electr\u00f3nico: <a href=\"mailto:antonio.brandi@outlook.it\">antonio.brandi@outlook.it<\/a>, adjuntando una copia de su documento de identidad.\n\nAdem\u00e1s, si considera que sus derechos no han sido debidamente atendidos, tiene derecho a presentar una reclamaci\u00f3n ante la Agencia Espa\u00f1ola de Protecci\u00f3n de Datos (AEPD): <a href=\"https:\/\/www.aepd.es\" target=\"_blank\" rel=\"noopener\">www.aepd.es<\/a>.\n<h3>7. Seguridad de los Datos<\/h3>\nEl responsable del tratamiento aplica las medidas t\u00e9cnicas y organizativas apropiadas para garantizar un nivel de seguridad adecuado al riesgo, protegiendo as\u00ed los datos personales frente a la destrucci\u00f3n, p\u00e9rdida, alteraci\u00f3n o acceso no autorizado.\n\n<\/section>\t\t\t\t\t\t\t\t<\/div>\n\t\t\t\t<\/div>\n\t\t\t\t\t<\/div>\n\t\t\t\t<\/div>\n\t\t\t\t<\/div>","protected":false},"excerpt":{"rendered":"<p>1. Informaci\u00f3n del Responsable del Tratamiento Responsable: Antonio Brandi NIF: Y8641532D Domicilio: Carrer de Valencia, 494, 3, 1, izquierda, 08013, Barcelona, Espa\u00f1a Correo electr\u00f3nico: antonio.brandi@outlook.it Antonio Brandi, como titular de este sitio web, garantiza la protecci\u00f3n y confidencialidad de cualquier tipo de datos personales que nos proporcionen los usuarios, de conformidad con el Reglamento (UE) [&hellip;]<\/p>\n","protected":false},"author":2,"featured_media":0,"parent":0,"menu_order":0,"comment_status":"closed","ping_status":"closed","template":"elementor_header_footer","meta":{"_acf_changed":false,"footnotes":""},"class_list":["post-502","page","type-page","status-publish","hentry"],"acf":[],"yoast_head":"<!-- This site is optimized with the Yoast SEO plugin v27.2 - https:\/\/yoast.com\/product\/yoast-seo-wordpress\/ -->\n<title>Pol\u00edtica de privacidad - Learn by Doing!<\/title>\n<meta name=\"robots\" content=\"index, follow, max-snippet:-1, max-image-preview:large, max-video-preview:-1\" \/>\n<link rel=\"canonical\" href=\"https:\/\/learnbydoing.dev\/es\/politica-de-privacidad\/\" \/>\n<meta property=\"og:locale\" content=\"es_ES\" \/>\n<meta property=\"og:type\" content=\"article\" \/>\n<meta property=\"og:title\" content=\"Pol\u00edtica de privacidad - Learn by Doing!\" \/>\n<meta property=\"og:description\" content=\"1. Informaci\u00f3n del Responsable del Tratamiento Responsable: Antonio Brandi NIF: Y8641532D Domicilio: Carrer de Valencia, 494, 3, 1, izquierda, 08013, Barcelona, Espa\u00f1a Correo electr\u00f3nico: antonio.brandi@outlook.it Antonio Brandi, como titular de este sitio web, garantiza la protecci\u00f3n y confidencialidad de cualquier tipo de datos personales que nos proporcionen los usuarios, de conformidad con el Reglamento (UE) [&hellip;]\" \/>\n<meta property=\"og:url\" content=\"https:\/\/learnbydoing.dev\/es\/politica-de-privacidad\/\" \/>\n<meta property=\"og:site_name\" content=\"Learn by Doing!\" \/>\n<meta property=\"article:modified_time\" content=\"2025-06-02T09:36:22+00:00\" \/>\n<meta name=\"twitter:card\" content=\"summary_large_image\" \/>\n<meta name=\"twitter:label1\" content=\"Tiempo de lectura\" \/>\n\t<meta name=\"twitter:data1\" content=\"2 minutos\" \/>\n<script type=\"application\/ld+json\" class=\"yoast-schema-graph\">{\"@context\":\"https:\/\/schema.org\",\"@graph\":[{\"@type\":\"WebPage\",\"@id\":\"https:\/\/learnbydoing.dev\/es\/politica-de-privacidad\/\",\"url\":\"https:\/\/learnbydoing.dev\/es\/politica-de-privacidad\/\",\"name\":\"Pol\u00edtica de privacidad - Learn by Doing!\",\"isPartOf\":{\"@id\":\"https:\/\/learnbydoing.dev\/es\/#website\"},\"datePublished\":\"2025-05-26T11:57:32+00:00\",\"dateModified\":\"2025-06-02T09:36:22+00:00\",\"breadcrumb\":{\"@id\":\"https:\/\/learnbydoing.dev\/es\/politica-de-privacidad\/#breadcrumb\"},\"inLanguage\":\"es\",\"potentialAction\":[{\"@type\":\"ReadAction\",\"target\":[\"https:\/\/learnbydoing.dev\/es\/politica-de-privacidad\/\"]}]},{\"@type\":\"BreadcrumbList\",\"@id\":\"https:\/\/learnbydoing.dev\/es\/politica-de-privacidad\/#breadcrumb\",\"itemListElement\":[{\"@type\":\"ListItem\",\"position\":1,\"name\":\"Home\",\"item\":\"https:\/\/learnbydoing.dev\/es\/learn-by-doing-es\/\"},{\"@type\":\"ListItem\",\"position\":2,\"name\":\"Pol\u00edtica de privacidad\"}]},{\"@type\":\"WebSite\",\"@id\":\"https:\/\/learnbydoing.dev\/es\/#website\",\"url\":\"https:\/\/learnbydoing.dev\/es\/\",\"name\":\"Learn by Doing!\",\"description\":\"Learn Robotics the fun way\",\"publisher\":{\"@id\":\"https:\/\/learnbydoing.dev\/es\/#organization\"},\"potentialAction\":[{\"@type\":\"SearchAction\",\"target\":{\"@type\":\"EntryPoint\",\"urlTemplate\":\"https:\/\/learnbydoing.dev\/es\/?s={search_term_string}\"},\"query-input\":{\"@type\":\"PropertyValueSpecification\",\"valueRequired\":true,\"valueName\":\"search_term_string\"}}],\"inLanguage\":\"es\"},{\"@type\":\"Organization\",\"@id\":\"https:\/\/learnbydoing.dev\/es\/#organization\",\"name\":\"Learn by Doing!\",\"url\":\"https:\/\/learnbydoing.dev\/es\/\",\"logo\":{\"@type\":\"ImageObject\",\"inLanguage\":\"es\",\"@id\":\"https:\/\/learnbydoing.dev\/es\/#\/schema\/logo\/image\/\",\"url\":\"https:\/\/learnbydoing.dev\/wp-content\/uploads\/2025\/06\/cropped-cropped-cropped-Progetto-senza-titolo-6-1.png\",\"contentUrl\":\"https:\/\/learnbydoing.dev\/wp-content\/uploads\/2025\/06\/cropped-cropped-cropped-Progetto-senza-titolo-6-1.png\",\"width\":512,\"height\":512,\"caption\":\"Learn by Doing!\"},\"image\":{\"@id\":\"https:\/\/learnbydoing.dev\/es\/#\/schema\/logo\/image\/\"},\"sameAs\":[\"https:\/\/www.linkedin.com\/in\/antonio-brandi-512166bb\/\"]}]}<\/script>\n<!-- \/ Yoast SEO plugin. -->","yoast_head_json":{"title":"Pol\u00edtica de privacidad - Learn by Doing!","robots":{"index":"index","follow":"follow","max-snippet":"max-snippet:-1","max-image-preview":"max-image-preview:large","max-video-preview":"max-video-preview:-1"},"canonical":"https:\/\/learnbydoing.dev\/es\/politica-de-privacidad\/","og_locale":"es_ES","og_type":"article","og_title":"Pol\u00edtica de privacidad - Learn by Doing!","og_description":"1. Informaci\u00f3n del Responsable del Tratamiento Responsable: Antonio Brandi NIF: Y8641532D Domicilio: Carrer de Valencia, 494, 3, 1, izquierda, 08013, Barcelona, Espa\u00f1a Correo electr\u00f3nico: antonio.brandi@outlook.it Antonio Brandi, como titular de este sitio web, garantiza la protecci\u00f3n y confidencialidad de cualquier tipo de datos personales que nos proporcionen los usuarios, de conformidad con el Reglamento (UE) [&hellip;]","og_url":"https:\/\/learnbydoing.dev\/es\/politica-de-privacidad\/","og_site_name":"Learn by Doing!","article_modified_time":"2025-06-02T09:36:22+00:00","twitter_card":"summary_large_image","twitter_misc":{"Tiempo de lectura":"2 minutos"},"schema":{"@context":"https:\/\/schema.org","@graph":[{"@type":"WebPage","@id":"https:\/\/learnbydoing.dev\/es\/politica-de-privacidad\/","url":"https:\/\/learnbydoing.dev\/es\/politica-de-privacidad\/","name":"Pol\u00edtica de privacidad - Learn by Doing!","isPartOf":{"@id":"https:\/\/learnbydoing.dev\/es\/#website"},"datePublished":"2025-05-26T11:57:32+00:00","dateModified":"2025-06-02T09:36:22+00:00","breadcrumb":{"@id":"https:\/\/learnbydoing.dev\/es\/politica-de-privacidad\/#breadcrumb"},"inLanguage":"es","potentialAction":[{"@type":"ReadAction","target":["https:\/\/learnbydoing.dev\/es\/politica-de-privacidad\/"]}]},{"@type":"BreadcrumbList","@id":"https:\/\/learnbydoing.dev\/es\/politica-de-privacidad\/#breadcrumb","itemListElement":[{"@type":"ListItem","position":1,"name":"Home","item":"https:\/\/learnbydoing.dev\/es\/learn-by-doing-es\/"},{"@type":"ListItem","position":2,"name":"Pol\u00edtica de privacidad"}]},{"@type":"WebSite","@id":"https:\/\/learnbydoing.dev\/es\/#website","url":"https:\/\/learnbydoing.dev\/es\/","name":"Learn by Doing!","description":"Learn Robotics the fun way","publisher":{"@id":"https:\/\/learnbydoing.dev\/es\/#organization"},"potentialAction":[{"@type":"SearchAction","target":{"@type":"EntryPoint","urlTemplate":"https:\/\/learnbydoing.dev\/es\/?s={search_term_string}"},"query-input":{"@type":"PropertyValueSpecification","valueRequired":true,"valueName":"search_term_string"}}],"inLanguage":"es"},{"@type":"Organization","@id":"https:\/\/learnbydoing.dev\/es\/#organization","name":"Learn by Doing!","url":"https:\/\/learnbydoing.dev\/es\/","logo":{"@type":"ImageObject","inLanguage":"es","@id":"https:\/\/learnbydoing.dev\/es\/#\/schema\/logo\/image\/","url":"https:\/\/learnbydoing.dev\/wp-content\/uploads\/2025\/06\/cropped-cropped-cropped-Progetto-senza-titolo-6-1.png","contentUrl":"https:\/\/learnbydoing.dev\/wp-content\/uploads\/2025\/06\/cropped-cropped-cropped-Progetto-senza-titolo-6-1.png","width":512,"height":512,"caption":"Learn by Doing!"},"image":{"@id":"https:\/\/learnbydoing.dev\/es\/#\/schema\/logo\/image\/"},"sameAs":["https:\/\/www.linkedin.com\/in\/antonio-brandi-512166bb\/"]}]}},"_links":{"self":[{"href":"https:\/\/learnbydoing.dev\/es\/wp-json\/wp\/v2\/pages\/502","targetHints":{"allow":["GET"]}}],"collection":[{"href":"https:\/\/learnbydoing.dev\/es\/wp-json\/wp\/v2\/pages"}],"about":[{"href":"https:\/\/learnbydoing.dev\/es\/wp-json\/wp\/v2\/types\/page"}],"author":[{"embeddable":true,"href":"https:\/\/learnbydoing.dev\/es\/wp-json\/wp\/v2\/users\/2"}],"replies":[{"embeddable":true,"href":"https:\/\/learnbydoing.dev\/es\/wp-json\/wp\/v2\/comments?post=502"}],"version-history":[{"count":22,"href":"https:\/\/learnbydoing.dev\/es\/wp-json\/wp\/v2\/pages\/502\/revisions"}],"predecessor-version":[{"id":954,"href":"https:\/\/learnbydoing.dev\/es\/wp-json\/wp\/v2\/pages\/502\/revisions\/954"}],"wp:attachment":[{"href":"https:\/\/learnbydoing.dev\/es\/wp-json\/wp\/v2\/media?parent=502"}],"curies":[{"name":"wp","href":"https:\/\/api.w.org\/{rel}","templated":true}]}}